{"id":20,"date":"2021-03-25T03:33:03","date_gmt":"2021-03-25T03:33:03","guid":{"rendered":"https:\/\/www.mfa.gov.bt\/rbckolkata\/?page_id=20"},"modified":"2024-07-08T06:34:20","modified_gmt":"2024-07-08T06:34:20","slug":"officers","status":"publish","type":"page","link":"https:\/\/www.mfa.gov.bt\/rbckolkata\/officers\/","title":{"rendered":"Officers &#038; staff"},"content":{"rendered":"<table style=\"height: 365px; width: 100%; border-collapse: collapse; border-style: dotted; border-color: #525050;\">\n<tbody>\n<tr style=\"height: 24px;\">\n<td style=\"width: 42.7126%; height: 24px; text-align: center;\">Tashi Penjore<\/td>\n<td style=\"width: 57.2874%; height: 24px; text-align: center;\"><span style=\"font-weight: 400;\">\u00a0Consul General <\/span><\/td>\n<\/tr>\n<tr style=\"height: 24px;\">\n<td style=\"width: 42.7126%; height: 24px; text-align: center;\"><span style=\"font-weight: 400;\">Tshering Pem<\/span><\/td>\n<td style=\"width: 57.2874%; height: 24px; text-align: center;\"><span style=\"font-weight: 400;\">\u00a0Consul<\/span><\/td>\n<\/tr>\n<tr style=\"height: 25px;\">\n<td style=\"width: 42.7126%; height: 25px; text-align: center;\"><span style=\"font-weight: 400;\">Kezang Dema<\/span><\/td>\n<td style=\"width: 57.2874%; height: 25px; text-align: center;\"><span style=\"font-weight: 400;\">Vice Consul <\/span><\/td>\n<\/tr>\n<tr style=\"height: 24px;\">\n<td style=\"width: 42.7126%; height: 24px; text-align: center;\"><span style=\"font-weight: 400;\">Sangay Thinley<\/span><span style=\"font-weight: 400;\"><br \/>\n<\/span><\/td>\n<td style=\"width: 57.2874%; height: 24px; text-align: center;\"><span style=\"font-weight: 400;\">Attach\u00e9, Finance <\/span><\/td>\n<\/tr>\n<tr style=\"height: 24px;\">\n<td style=\"width: 42.7126%; height: 24px; text-align: center;\"><span style=\"font-weight: 400;\">Tawchu <\/span><\/td>\n<td style=\"width: 57.2874%; height: 24px; text-align: center;\"><span style=\"font-weight: 400;\">Attach\u00e9 Immigration <\/span><\/td>\n<\/tr>\n<tr style=\"height: 24px;\">\n<td style=\"width: 42.7126%; height: 24px; text-align: center;\"><span style=\"font-weight: 400;\">Kinley Dorji<\/span><\/td>\n<td style=\"width: 57.2874%; height: 24px; text-align: center;\"><span style=\"font-weight: 400;\">Attach\u00e9, Health<\/span><\/td>\n<\/tr>\n<tr style=\"height: 24px;\">\n<td style=\"width: 42.7126%; height: 24px; text-align: center;\"><span style=\"font-weight: 400;\">Thupten Tshering<\/span><\/td>\n<td style=\"width: 57.2874%; height: 24px; text-align: center;\"><span style=\"font-weight: 400;\">Attach\u00e9, Health (Pharmacist) <\/span><\/td>\n<\/tr>\n<tr style=\"height: 24px;\">\n<td style=\"width: 42.7126%; height: 24px; text-align: center;\"><span style=\"font-weight: 400;\">Kuenzang Norbu<\/span><\/td>\n<td style=\"width: 57.2874%; height: 24px; text-align: center;\"><span style=\"font-weight: 400;\">Attach\u00e9, Health<\/span><\/td>\n<\/tr>\n<tr style=\"height: 24px;\">\n<td style=\"width: 42.7126%; height: 24px; text-align: center;\"><span style=\"font-weight: 400;\">Kelzang<\/span><\/td>\n<td style=\"width: 57.2874%; height: 24px; text-align: center;\"><span style=\"font-weight: 400;\">Attach\u00e9, Accounts <\/span><\/td>\n<\/tr>\n<tr style=\"height: 26px;\">\n<td style=\"width: 42.7126%; height: 26px; text-align: center;\"><span style=\"font-weight: 400;\">Kezang Lhamo<\/span><\/td>\n<td style=\"width: 57.2874%; height: 26px; text-align: center;\"><span style=\"font-weight: 400;\">Sr. PA to the Consul General<\/span><\/td>\n<\/tr>\n<tr style=\"height: 26px;\">\n<td style=\"width: 42.7126%; height: 26px; text-align: center;\">Swarup Kr. Dey<\/td>\n<td style=\"width: 57.2874%; height: 26px; text-align: center;\">Accounts Assistant<\/td>\n<\/tr>\n<tr style=\"height: 24px;\">\n<td style=\"width: 42.7126%; height: 24px; text-align: center;\">Surupa Bhowmick<\/td>\n<td style=\"width: 57.2874%; height: 24px; text-align: center;\">Accounts Assistant<\/td>\n<\/tr>\n<tr style=\"height: 24px;\">\n<td style=\"width: 42.7126%; height: 24px; text-align: center;\">Mintoo Mondal<\/td>\n<td style=\"width: 57.2874%; height: 24px; text-align: center;\">Health Assistant<\/td>\n<\/tr>\n<tr style=\"height: 24px;\">\n<td style=\"width: 42.7126%; height: 24px;\"><\/td>\n<td style=\"width: 57.2874%; height: 24px;\"><\/td>\n<\/tr>\n<tr style=\"height: 24px;\">\n<td style=\"width: 42.7126%; height: 24px;\"><\/td>\n<td style=\"width: 57.2874%; height: 24px;\"><\/td>\n<\/tr>\n<\/tbody>\n<\/table>\n<p>&nbsp;<\/p>\n","protected":false},"excerpt":{"rendered":"<p>Tashi Penjore \u00a0Consul General Tshering Pem \u00a0Consul Kezang Dema Vice Consul Sangay Thinley Attach\u00e9, Finance Tawchu Attach\u00e9 Immigration Kinley Dorji Attach\u00e9, Health Thupten Tshering Attach\u00e9, Health (Pharmacist) Kuenzang Norbu Attach\u00e9, Health Kelzang Attach\u00e9, Accounts Kezang Lhamo Sr. PA to the Consul General Swarup Kr. Dey Accounts Assistant Surupa Bhowmick Accounts Assistant Mintoo Mondal Health Assistant &#8230;<\/p>\n","protected":false},"author":1,"featured_media":0,"parent":0,"menu_order":0,"comment_status":"closed","ping_status":"closed","template":"","meta":{"ngg_post_thumbnail":0},"_links":{"self":[{"href":"https:\/\/www.mfa.gov.bt\/rbckolkata\/wp-json\/wp\/v2\/pages\/20"}],"collection":[{"href":"https:\/\/www.mfa.gov.bt\/rbckolkata\/wp-json\/wp\/v2\/pages"}],"about":[{"href":"https:\/\/www.mfa.gov.bt\/rbckolkata\/wp-json\/wp\/v2\/types\/page"}],"author":[{"embeddable":true,"href":"https:\/\/www.mfa.gov.bt\/rbckolkata\/wp-json\/wp\/v2\/users\/1"}],"replies":[{"embeddable":true,"href":"https:\/\/www.mfa.gov.bt\/rbckolkata\/wp-json\/wp\/v2\/comments?post=20"}],"version-history":[{"count":14,"href":"https:\/\/www.mfa.gov.bt\/rbckolkata\/wp-json\/wp\/v2\/pages\/20\/revisions"}],"predecessor-version":[{"id":507,"href":"https:\/\/www.mfa.gov.bt\/rbckolkata\/wp-json\/wp\/v2\/pages\/20\/revisions\/507"}],"wp:attachment":[{"href":"https:\/\/www.mfa.gov.bt\/rbckolkata\/wp-json\/wp\/v2\/media?parent=20"}],"curies":[{"name":"wp","href":"https:\/\/api.w.org\/{rel}","templated":true}]}}