{"id":238,"date":"2021-12-01T01:40:12","date_gmt":"2021-12-01T01:40:12","guid":{"rendered":"https:\/\/www.mfa.gov.bt\/rbebrussels\/?page_id=238"},"modified":"2021-12-09T01:35:20","modified_gmt":"2021-12-09T01:35:20","slug":"bhutan-spain-relations","status":"publish","type":"page","link":"https:\/\/www.mfa.gov.bt\/rbebrussels\/bhutan-spain-relations\/","title":{"rendered":"Bhutan-Spain relations"},"content":{"rendered":"<p style=\"text-align: justify;\">Diplomatic relations between the two Kingdoms were established on 11 February 2011.<\/p>\n<p style=\"text-align: justify;\">Mr. <span style=\"font-weight: 400;\">Tshering Gyaltshen Penjor<\/span>, Ambassador of Bhutan in Belgium, is concurrently accredited to Spain. H.E. Mr. Jos\u00e9 Ram\u00f3n Bara\u00f1ano, Ambassador of Spain to India, is concurrently accredited to Bhutan.<\/p>\n<p>&nbsp;<\/p>\n","protected":false},"excerpt":{"rendered":"<p>Diplomatic relations between the two Kingdoms were established on 11 February 2011. Mr. Tshering Gyaltshen Penjor, Ambassador of Bhutan in Belgium, is concurrently accredited to Spain. H.E. Mr. Jos\u00e9 Ram\u00f3n Bara\u00f1ano, Ambassador of Spain to India, is concurrently accredited to Bhutan. &nbsp;<\/p>\n","protected":false},"author":1,"featured_media":0,"parent":0,"menu_order":0,"comment_status":"closed","ping_status":"closed","template":"","meta":[],"_links":{"self":[{"href":"https:\/\/www.mfa.gov.bt\/rbebrussels\/wp-json\/wp\/v2\/pages\/238"}],"collection":[{"href":"https:\/\/www.mfa.gov.bt\/rbebrussels\/wp-json\/wp\/v2\/pages"}],"about":[{"href":"https:\/\/www.mfa.gov.bt\/rbebrussels\/wp-json\/wp\/v2\/types\/page"}],"author":[{"embeddable":true,"href":"https:\/\/www.mfa.gov.bt\/rbebrussels\/wp-json\/wp\/v2\/users\/1"}],"replies":[{"embeddable":true,"href":"https:\/\/www.mfa.gov.bt\/rbebrussels\/wp-json\/wp\/v2\/comments?post=238"}],"version-history":[{"count":2,"href":"https:\/\/www.mfa.gov.bt\/rbebrussels\/wp-json\/wp\/v2\/pages\/238\/revisions"}],"predecessor-version":[{"id":313,"href":"https:\/\/www.mfa.gov.bt\/rbebrussels\/wp-json\/wp\/v2\/pages\/238\/revisions\/313"}],"wp:attachment":[{"href":"https:\/\/www.mfa.gov.bt\/rbebrussels\/wp-json\/wp\/v2\/media?parent=238"}],"curies":[{"name":"wp","href":"https:\/\/api.w.org\/{rel}","templated":true}]}}